{"id":18,"date":"2021-03-19T15:02:36","date_gmt":"2021-03-19T15:02:36","guid":{"rendered":"http:\/\/192.168.1.30\/wordpress\/?page_id=18"},"modified":"2026-02-23T21:45:23","modified_gmt":"2026-02-23T21:45:23","slug":"inicio","status":"publish","type":"page","link":"https:\/\/iglesiarogerdetur.org\/","title":{"rendered":"Inicio"},"content":{"rendered":"<p>[et_pb_section fb_built=\u00bb1&#8243; module_id=\u00bbinicio\u00bb _builder_version=\u00bb4.16&#8243; _module_preset=\u00bbdefault\u00bb background_image=\u00bbhttps:\/\/iglesiarogerdetur.org\/wp-content\/uploads\/2021\/03\/FOTO-WEB-scaled.jpg\u00bb custom_margin=\u00bb||-3px|||\u00bb custom_padding=\u00bb||71px|||\u00bb global_colors_info=\u00bb{}\u00bb][et_pb_row _builder_version=\u00bb4.16&#8243; _module_preset=\u00bbdefault\u00bb width=\u00bb91.8%\u00bb min_height=\u00bb513px\u00bb custom_margin=\u00bb|auto|2px|auto||\u00bb global_colors_info=\u00bb{}\u00bb][et_pb_column type=\u00bb4_4&#8243; _builder_version=\u00bb4.16&#8243; _module_preset=\u00bbdefault\u00bb global_colors_info=\u00bb{}\u00bb][et_pb_text _builder_version=\u00bb4.16&#8243; _module_preset=\u00bbdefault\u00bb text_text_color=\u00bb#ff8580&#8243; text_font_size=\u00bb33px\u00bb text_line_height=\u00bb1.8em\u00bb header_font_size=\u00bb45px\u00bb module_alignment=\u00bbleft\u00bb min_height=\u00bb269px\u00bb custom_margin=\u00bb-54px||0px|||\u00bb custom_padding=\u00bb17px||54px|0px||\u00bb animation_style=\u00bbfade\u00bb animation_delay=\u00bb350ms\u00bb text_text_shadow_style=\u00bbpreset2&#8243; global_colors_info=\u00bb{}\u00bb]<\/p>\n<p><strong>Iglesia\u00a0<\/strong><\/p>\n<p><strong>Evang\u00e9lica<\/strong><\/p>\n<p><strong>en Zaragoza<\/strong><\/p>\n<p><strong>Roger de Tur<\/strong><\/p>\n<p>[\/et_pb_text][\/et_pb_column][\/et_pb_row][\/et_pb_section][et_pb_section fb_built=\u00bb1&#8243; module_id=\u00bbquienes-somos\u00bb _builder_version=\u00bb4.16&#8243; _module_preset=\u00bbdefault\u00bb background_color=\u00bb#e8e6e6&#8243; global_colors_info=\u00bb{}\u00bb][et_pb_row _builder_version=\u00bb4.16&#8243; _module_preset=\u00bbdefault\u00bb global_colors_info=\u00bb{}\u00bb][et_pb_column type=\u00bb4_4&#8243; _builder_version=\u00bb4.16&#8243; _module_preset=\u00bbdefault\u00bb global_colors_info=\u00bb{}\u00bb][et_pb_text _builder_version=\u00bb4.16&#8243; _module_preset=\u00bbdefault\u00bb text_text_color=\u00bb#ff8580&#8243; text_font_size=\u00bb32px\u00bb global_colors_info=\u00bb{}\u00bb]<\/p>\n<p><strong>\u00bfQui\u00e9nes somos?<\/strong><\/p>\n<p>[\/et_pb_text][\/et_pb_column][\/et_pb_row][et_pb_row _builder_version=\u00bb4.16&#8243; _module_preset=\u00bbdefault\u00bb global_colors_info=\u00bb{}\u00bb][et_pb_column type=\u00bb4_4&#8243; _builder_version=\u00bb4.16&#8243; _module_preset=\u00bbdefault\u00bb global_colors_info=\u00bb{}\u00bb][et_pb_text _builder_version=\u00bb4.16&#8243; _module_preset=\u00bbdefault\u00bb text_font_size=\u00bb20px\u00bb global_colors_info=\u00bb{}\u00bb]<\/p>\n<p class=\"font8\" style=\"margin: 0cm;\"><span style=\"font-size: 11.5pt; font-family: 'Arial',sans-serif; color: #414141;\">Somos un grupo de personas que creemos en Jesucristo como nuestro salvador personal y le obedecemos como Se\u00f1or.<\/span><o:p><\/o:p><span style=\"font-size: 11.5pt; font-family: 'Arial',sans-serif; color: #414141;\">\u00a0<o:p><\/o:p><\/span><\/p>\n<p class=\"font8\" style=\"margin: 0cm;\"><span style=\"font-size: 11.5pt; font-family: 'Arial',sans-serif; color: #414141;\">Nos congregamos con el objetivo de perseverar en la doctrina de los ap\u00f3stoles (con base en el Nuevo Testamento) para tener comuni\u00f3n unos con otros, para orar y participar de la Mesa del Se\u00f1or (partimiento del pan y del vino o Santa Cena).<\/span><o:p><\/o:p><\/p>\n<p class=\"font8\" style=\"margin: 0cm;\"><span style=\"font-size: 11.5pt; font-family: 'Arial',sans-serif; color: #414141;\">La cabeza de la congregaci\u00f3n es Jesucristo al que todos los miembros nos sometemos.<\/span><o:p><\/o:p><\/p>\n<p class=\"font8\" style=\"margin: 0cm;\"><span style=\"font-size: 11.5pt; font-family: 'Arial',sans-serif; color: #414141;\">El pastoreo de la iglesia lo realiza un Consejo de Ancianos formado por varones de buen testimonio y que cumplen los requisitos que el ap\u00f3stol Pablo ense\u00f1a en sus cartas a Tito y Timoteo.<\/span><o:p><\/o:p><\/p>\n<p>[\/et_pb_text][\/et_pb_column][\/et_pb_row][\/et_pb_section][et_pb_section fb_built=\u00bb1&#8243; module_id=\u00bbque-creemos\u00bb _builder_version=\u00bb4.16&#8243; _module_preset=\u00bbdefault\u00bb background_color=\u00bb#414141&#8243; global_colors_info=\u00bb{}\u00bb][et_pb_row _builder_version=\u00bb4.16&#8243; _module_preset=\u00bbdefault\u00bb global_colors_info=\u00bb{}\u00bb][et_pb_column type=\u00bb4_4&#8243; _builder_version=\u00bb4.16&#8243; _module_preset=\u00bbdefault\u00bb global_colors_info=\u00bb{}\u00bb][et_pb_text _builder_version=\u00bb4.16&#8243; _module_preset=\u00bbdefault\u00bb text_text_color=\u00bb#ff8580&#8243; text_font_size=\u00bb30px\u00bb global_colors_info=\u00bb{}\u00bb]<\/p>\n<p><strong>\u00bfQu\u00e9 creemos?<\/strong><\/p>\n<p>[\/et_pb_text][\/et_pb_column][\/et_pb_row][et_pb_row _builder_version=\u00bb4.16&#8243; _module_preset=\u00bbdefault\u00bb global_colors_info=\u00bb{}\u00bb][et_pb_column type=\u00bb4_4&#8243; _builder_version=\u00bb4.16&#8243; _module_preset=\u00bbdefault\u00bb global_colors_info=\u00bb{}\u00bb][et_pb_text _builder_version=\u00bb4.16&#8243; _module_preset=\u00bbdefault\u00bb text_text_color=\u00bb#f4f4f4&#8243; text_font_size=\u00bb15px\u00bb header_text_color=\u00bb#000000&#8243; global_colors_info=\u00bb{}\u00bb]<\/p>\n<p><span style=\"color: #ffffff;\"><span class=\"color_11\">Las doctrinas y pr\u00e1cticas de esta iglesia surgen de las Sagradas Escrituras,\u00a0Palabra de Dios, \u00fanica norma de fe y conducta, con exclusi\u00f3n de cualquier otra. Sus<\/span><span class=\"color_11\">\u00a0doctrinas se encuentran resumidas en el S\u00edmbolo o Credo Apost\u00f3lico, declaraci\u00f3n de<\/span><span class=\"color_11\">\u00a0fe de la<\/span><span class=\"color_11\">\u00a0Iglesia Primitiva y patrimonio com\u00fan de todas las confesiones cristianas.<\/span><\/span><\/p>\n<p><span style=\"color: #ffffff;\"><span class=\"color_11\">Expresamente esta iglesia asume el principio b\u00e1sico de la Reforma de: \u201cSola<\/span><span class=\"color_11\">\u00a0Escritura, sola Fe, sola Gracia\u201d, patrimonio com\u00fan de todas las confesiones<\/span><span class=\"color_11\">\u00a0evang\u00e9licas.<\/span><span class=\"color_11\">\u00a0Estos princip<\/span><span class=\"color_11\">ios se desarrollan en sus puntos m\u00e1s importantes en la siguiente<\/span><span class=\"color_11\">\u00a0declaraci\u00f3n de Fe.<\/span><\/span><\/p>\n<p>[\/et_pb_text][\/et_pb_column][\/et_pb_row][et_pb_row _builder_version=\u00bb4.16&#8243; _module_preset=\u00bbdefault\u00bb global_colors_info=\u00bb{}\u00bb][et_pb_column type=\u00bb4_4&#8243; _builder_version=\u00bb4.16&#8243; _module_preset=\u00bbdefault\u00bb global_colors_info=\u00bb{}\u00bb][et_pb_text _builder_version=\u00bb4.16&#8243; _module_preset=\u00bbdefault\u00bb text_text_color=\u00bb#ff8580&#8243; text_font_size=\u00bb30px\u00bb global_colors_info=\u00bb{}\u00bb]<\/p>\n<p><strong>Bases de fe<\/strong><\/p>\n<p>[\/et_pb_text][\/et_pb_column][\/et_pb_row][et_pb_row _builder_version=\u00bb4.16&#8243; _module_preset=\u00bbdefault\u00bb global_colors_info=\u00bb{}\u00bb][et_pb_column type=\u00bb4_4&#8243; _builder_version=\u00bb4.16&#8243; _module_preset=\u00bbdefault\u00bb global_colors_info=\u00bb{}\u00bb][et_pb_text _builder_version=\u00bb4.16&#8243; _module_preset=\u00bbdefault\u00bb text_text_color=\u00bb#FFFFFF\u00bb global_colors_info=\u00bb{}\u00bb]<\/p>\n<p class=\"font_8\"><span class=\"color_11\">La soberan\u00eda y la gracia de Dios el Padre, Dios el Hijo y Dios el Esp\u00edritu Santo en la<\/span><span class=\"color_11\"> creaci\u00f3n, la providencia, la redenci\u00f3n y el juicio<\/span><span class=\"color_11\"> final.<\/span><span class=\"wixGuard\">\u200b<\/span><\/p>\n<p class=\"font_8\"><span class=\"color_11\">La divina inspiraci\u00f3n de la Sagrada Escritura, su credibilidad plena y su suprema autoridad y suficiencia en todo lo que ata\u00f1e a la fe y a la conducta.<\/span><span class=\"wixGuard\">\u200b<\/span><\/p>\n<p class=\"font_8\"><span class=\"color_11\">La pecaminosidad universal y la culpabilidad del hombre ca\u00eddo que acarrea la ira de <\/span><span class=\"color_11\">Dios y la condenaci\u00f3n.<\/span><span class=\"wixGuard\">\u200b<\/span><\/p>\n<p class=\"font_8\"><span class=\"color_11\">El sacrificio vicario del Hijo de Dios engendrado por el Esp\u00edritu Santo y encarnado por el nacimiento virginal, \u00fanico y suficiente fundamento de redenci\u00f3n de la<\/span><span class=\"color_11\"> culpabilidad y del poder <\/span>del pecado, as\u00ed como de sus consecuencias eternas.<span class=\"wixGuard\">\u200b<\/span><\/p>\n<p class=\"font_8\"><span class=\"color_11\">La justificaci\u00f3n del pecador solamente por la gracia de Dios, mediante la fe en Cristo<\/span><span class=\"color_11\"> crucificado <\/span><span class=\"color_11\">y resucitado de los muertos y ascendido a la gloria, a la diestra de Dios<\/span><span class=\"color_11\"> Padre.<\/span><span class=\"wixGuard\">\u200b<\/span><\/p>\n<p class=\"font_8\"><span class=\"color_11\">La Salvaci\u00f3n eterna, s\u00f3lo en el nombre de Jes\u00fas, y segura para todo aquel que cree.<\/span><span class=\"wixGuard\">\u200b<\/span><\/p>\n<p class=\"font_8\"><span class=\"color_11\">La Obra de Dios el Esp\u00edritu Santo quien ilumina, regenera, mora en el creyente y lo santifica.<\/span><span class=\"wixGuard\">\u200b<\/span><\/p>\n<p class=\"font_8\"><span class=\"color_11\">El sacerdocio de todos los creyentes que, en la unidad del Esp\u00edritu Santo, constituyen la Iglesia Universal, el cuerpo del cual Cristo es la Cabeza,<\/span><span class=\"color_11\"> comprometido<\/span><span class=\"color_11\">s por el mandamiento de su <\/span><span class=\"color_11\">Se\u00f1or a la proclamaci\u00f3n del Evangelio a<\/span><span class=\"color_11\"> todo el mundo y al servicio de amor en el seno de la sociedad.<\/span><span class=\"wixGuard\">\u200b<\/span><\/p>\n<p class=\"font_8\"><span class=\"color_11\">La esperanza del retorno visible de nuestro Se\u00f1or Jesucristo en poder y gloria; la resurrecci\u00f3n de los muertos y la <\/span><span class=\"color_11\">consumaci\u00f3n del Reino de Dios.<\/span><\/p>\n<p>[\/et_pb_text][\/et_pb_column][\/et_pb_row][\/et_pb_section][et_pb_section fb_built=\u00bb1&#8243; module_id=\u00bbreuniones\u00bb _builder_version=\u00bb4.16&#8243; _module_preset=\u00bbdefault\u00bb background_color=\u00bb#e8e6e6&#8243; global_colors_info=\u00bb{}\u00bb][et_pb_row _builder_version=\u00bb4.16&#8243; _module_preset=\u00bbdefault\u00bb min_height=\u00bb60px\u00bb global_colors_info=\u00bb{}\u00bb][et_pb_column type=\u00bb4_4&#8243; _builder_version=\u00bb4.16&#8243; _module_preset=\u00bbdefault\u00bb global_colors_info=\u00bb{}\u00bb][et_pb_text _builder_version=\u00bb4.16&#8243; _module_preset=\u00bbdefault\u00bb text_text_color=\u00bb#ff8580&#8243; text_font_size=\u00bb32px\u00bb global_colors_info=\u00bb{}\u00bb]<\/p>\n<p><strong>Reuniones<\/strong><\/p>\n<p>[\/et_pb_text][\/et_pb_column][\/et_pb_row][et_pb_row column_structure=\u00bb1_2,1_2&#8243; _builder_version=\u00bb4.16&#8243; _module_preset=\u00bbdefault\u00bb min_height=\u00bb52px\u00bb global_colors_info=\u00bb{}\u00bb][et_pb_column type=\u00bb1_2&#8243; _builder_version=\u00bb4.16&#8243; _module_preset=\u00bbdefault\u00bb global_colors_info=\u00bb{}\u00bb][et_pb_text _builder_version=\u00bb4.16&#8243; _module_preset=\u00bbdefault\u00bb text_text_color=\u00bb#9b9b9b\u00bb text_font_size=\u00bb20px\u00bb min_height=\u00bb34px\u00bb custom_margin=\u00bb-31px|||||\u00bb custom_padding=\u00bb0px||0px|||\u00bb global_colors_info=\u00bb{}\u00bb]<\/p>\n<p><strong>Domingo<\/strong><\/p>\n<p>[\/et_pb_text][\/et_pb_column][et_pb_column type=\u00bb1_2&#8243; _builder_version=\u00bb4.16&#8243; _module_preset=\u00bbdefault\u00bb global_colors_info=\u00bb{}\u00bb][et_pb_text _builder_version=\u00bb4.16&#8243; _module_preset=\u00bbdefault\u00bb text_text_color=\u00bb#9b9b9b\u00bb text_font_size=\u00bb20px\u00bb min_height=\u00bb26px\u00bb custom_margin=\u00bb-33px|||||\u00bb custom_padding=\u00bb3px||18px|2px||\u00bb global_colors_info=\u00bb{}\u00bb][\/et_pb_text][\/et_pb_column][\/et_pb_row][et_pb_row column_structure=\u00bb1_2,1_2&#8243; _builder_version=\u00bb4.16&#8243; _module_preset=\u00bbdefault\u00bb min_height=\u00bb17px\u00bb custom_margin=\u00bb-39px|auto||auto||\u00bb global_colors_info=\u00bb{}\u00bb][et_pb_column type=\u00bb1_2&#8243; _builder_version=\u00bb4.16&#8243; _module_preset=\u00bbdefault\u00bb global_colors_info=\u00bb{}\u00bb][et_pb_text _builder_version=\u00bb4.16&#8243; _module_preset=\u00bbdefault\u00bb text_text_color=\u00bb#ff8580&#8243; text_font_size=\u00bb32px\u00bb custom_margin=\u00bb-17px|||||\u00bb global_colors_info=\u00bb{}\u00bb]<\/p>\n<p><strong>11:00<\/strong><\/p>\n<p>[\/et_pb_text][\/et_pb_column][et_pb_column type=\u00bb1_2&#8243; _builder_version=\u00bb4.16&#8243; _module_preset=\u00bbdefault\u00bb global_colors_info=\u00bb{}\u00bb][et_pb_text _builder_version=\u00bb4.16&#8243; _module_preset=\u00bbdefault\u00bb text_text_color=\u00bb#9b9b9b\u00bb text_font_size=\u00bb20px\u00bb min_height=\u00bb36px\u00bb custom_margin=\u00bb-27px|||0px||\u00bb custom_padding=\u00bb8px|||3px||\u00bb global_colors_info=\u00bb{}\u00bb]<\/p>\n<p><strong>Reuni\u00f3n de adoraci\u00f3n, cena del Se\u00f1or y predicaci\u00f3n<\/strong><\/p>\n<p>[\/et_pb_text][\/et_pb_column][\/et_pb_row][et_pb_row column_structure=\u00bb1_2,1_2&#8243; _builder_version=\u00bb4.16&#8243; _module_preset=\u00bbdefault\u00bb min_height=\u00bb107px\u00bb custom_margin=\u00bb-15px|auto||auto||\u00bb custom_padding=\u00bb||0px|||\u00bb global_colors_info=\u00bb{}\u00bb][et_pb_column type=\u00bb1_2&#8243; _builder_version=\u00bb4.16&#8243; _module_preset=\u00bbdefault\u00bb global_colors_info=\u00bb{}\u00bb][et_pb_text _builder_version=\u00bb4.16&#8243; _module_preset=\u00bbdefault\u00bb text_text_color=\u00bb#9b9b9b\u00bb text_font_size=\u00bb20px\u00bb custom_margin=\u00bb-21px|||||\u00bb custom_padding=\u00bb2px||14px|||\u00bb global_colors_info=\u00bb{}\u00bb]<\/p>\n<p><strong>Mi\u00e9rcoles<\/strong><br \/><strong><\/strong><\/p>\n<p>[\/et_pb_text][\/et_pb_column][et_pb_column type=\u00bb1_2&#8243; _builder_version=\u00bb4.16&#8243; _module_preset=\u00bbdefault\u00bb global_colors_info=\u00bb{}\u00bb][\/et_pb_column][\/et_pb_row][et_pb_row column_structure=\u00bb1_2,1_2&#8243; _builder_version=\u00bb4.16&#8243; _module_preset=\u00bbdefault\u00bb min_height=\u00bb97px\u00bb custom_margin=\u00bb-37px|auto||auto||\u00bb custom_padding=\u00bb0px|||||\u00bb global_colors_info=\u00bb{}\u00bb][et_pb_column type=\u00bb1_2&#8243; _builder_version=\u00bb4.16&#8243; _module_preset=\u00bbdefault\u00bb global_colors_info=\u00bb{}\u00bb][et_pb_text _builder_version=\u00bb4.16&#8243; _module_preset=\u00bbdefault\u00bb text_text_color=\u00bb#ff8580&#8243; text_font_size=\u00bb32px\u00bb custom_margin=\u00bb-52px||-1px|||\u00bb custom_padding=\u00bb18px||15px|||\u00bb global_colors_info=\u00bb{}\u00bb]<\/p>\n<p><strong>20:00<\/strong><\/p>\n<p>[\/et_pb_text][\/et_pb_column][et_pb_column type=\u00bb1_2&#8243; _builder_version=\u00bb4.16&#8243; _module_preset=\u00bbdefault\u00bb global_colors_info=\u00bb{}\u00bb][et_pb_text _builder_version=\u00bb4.16&#8243; _module_preset=\u00bbdefault\u00bb text_text_color=\u00bb#9b9b9b\u00bb text_font_size=\u00bb20px\u00bb min_height=\u00bb55px\u00bb custom_margin=\u00bb-26px|||||\u00bb custom_padding=\u00bb0px|||||\u00bb global_colors_info=\u00bb{}\u00bb]<\/p>\n<p><strong>Reuni\u00f3n de oraci\u00f3n<\/strong><\/p>\n<p>[\/et_pb_text][\/et_pb_column][\/et_pb_row][\/et_pb_section][et_pb_section fb_built=\u00bb1&#8243; module_id=\u00bbrecursos\u00bb _builder_version=\u00bb4.16&#8243; _module_preset=\u00bbdefault\u00bb background_color=\u00bb#414141&#8243; global_colors_info=\u00bb{}\u00bb][et_pb_row _builder_version=\u00bb4.16&#8243; _module_preset=\u00bbdefault\u00bb global_colors_info=\u00bb{}\u00bb][et_pb_column type=\u00bb4_4&#8243; _builder_version=\u00bb4.16&#8243; _module_preset=\u00bbdefault\u00bb global_colors_info=\u00bb{}\u00bb][et_pb_text _builder_version=\u00bb4.16&#8243; _module_preset=\u00bbdefault\u00bb text_text_color=\u00bb#ff8580&#8243; text_font_size=\u00bb32px\u00bb global_colors_info=\u00bb{}\u00bb]<\/p>\n<p><strong>Recursos<\/strong><\/p>\n<p>[\/et_pb_text][\/et_pb_column][\/et_pb_row][et_pb_row _builder_version=\u00bb4.16&#8243; _module_preset=\u00bbdefault\u00bb global_colors_info=\u00bb{}\u00bb][et_pb_column type=\u00bb4_4&#8243; _builder_version=\u00bb4.16&#8243; _module_preset=\u00bbdefault\u00bb global_colors_info=\u00bb{}\u00bb][et_pb_text _builder_version=\u00bb4.16&#8243; _module_preset=\u00bbdefault\u00bb text_text_color=\u00bb#ff8580&#8243; text_font_size=\u00bb25px\u00bb link_option_url=\u00bbhttps:\/\/www.youtube.com\/playlist?list=PL6cJGT0uoWsT5ShpvYoU_hxM55-oF1EC_\u00bb link_option_url_new_window=\u00bbon\u00bb global_colors_info=\u00bb{}\u00bb]<\/p>\n<p><strong>Predicaciones<\/strong><\/p>\n<p>[\/et_pb_text][\/et_pb_column][\/et_pb_row][et_pb_row _builder_version=\u00bb4.16&#8243; _module_preset=\u00bbdefault\u00bb global_colors_info=\u00bb{}\u00bb][et_pb_column type=\u00bb4_4&#8243; _builder_version=\u00bb4.16&#8243; _module_preset=\u00bbdefault\u00bb global_colors_info=\u00bb{}\u00bb][et_pb_text _builder_version=\u00bb4.17.3&#8243; _module_preset=\u00bbdefault\u00bb text_text_color=\u00bb#ff8580&#8243; text_font_size=\u00bb25px\u00bb link_option_url=\u00bbhttps:\/\/iglesiarogerdetur.org\/index.php\/estudios\/\u00bb link_option_url_new_window=\u00bbon\u00bb hover_enabled=\u00bb0&#8243; global_colors_info=\u00bb{}\u00bb sticky_enabled=\u00bb0&#8243;]<\/p>\n<p><strong>Estudios y conferencias b\u00edblicas<\/strong><\/p>\n<p>[\/et_pb_text][\/et_pb_column][\/et_pb_row][\/et_pb_section][et_pb_section fb_built=\u00bb1&#8243; module_id=\u00bbcontacto\u00bb _builder_version=\u00bb4.16&#8243; _module_preset=\u00bbdefault\u00bb background_color=\u00bb#e8e6e6&#8243; global_colors_info=\u00bb{}\u00bb][et_pb_row _builder_version=\u00bb4.16&#8243; _module_preset=\u00bbdefault\u00bb global_colors_info=\u00bb{}\u00bb][et_pb_column type=\u00bb4_4&#8243; _builder_version=\u00bb4.16&#8243; _module_preset=\u00bbdefault\u00bb global_colors_info=\u00bb{}\u00bb][et_pb_text _builder_version=\u00bb4.16&#8243; _module_preset=\u00bbdefault\u00bb text_text_color=\u00bb#ff8580&#8243; text_font_size=\u00bb30px\u00bb global_colors_info=\u00bb{}\u00bb]<\/p>\n<p><strong>Contacto<\/strong><\/p>\n<p>[\/et_pb_text][\/et_pb_column][\/et_pb_row][et_pb_row column_structure=\u00bb1_2,1_2&#8243; _builder_version=\u00bb4.16&#8243; _module_preset=\u00bbdefault\u00bb global_colors_info=\u00bb{}\u00bb][et_pb_column type=\u00bb1_2&#8243; _builder_version=\u00bb4.16&#8243; _module_preset=\u00bbdefault\u00bb global_colors_info=\u00bb{}\u00bb][et_pb_text _builder_version=\u00bb4.17.3&#8243; _module_preset=\u00bbdefault\u00bb text_text_color=\u00bbrgba(58,58,58,0.66)\u00bb text_font_size=\u00bb17px\u00bb global_colors_info=\u00bb{}\u00bb]<\/p>\n<p><strong>C\/Roger de Tur 22 duplicado<\/strong><\/p>\n<p><strong>50002 Zaragoza<\/strong><\/p>\n<p><strong><a href=\"mailto:contacto@iglesiarogerdetur.org\">contacto@iglesiarogerdetur.org<\/a><\/strong><\/p>\n<p><strong>976 49 34 44\u00a0<\/strong><\/p>\n<p>[\/et_pb_text][\/et_pb_column][et_pb_column type=\u00bb1_2&#8243; _builder_version=\u00bb4.16&#8243; _module_preset=\u00bbdefault\u00bb global_colors_info=\u00bb{}\u00bb][et_pb_code _builder_version=\u00bb4.17.3&#8243; _module_preset=\u00bbdefault\u00bb global_colors_info=\u00bb{}\u00bb]<iframe src=\"https:\/\/www.google.com\/maps\/embed?pb=!1m18!1m12!1m3!1d1772.76335311907!2d-0.8710257081337035!3d41.64665161176379!2m3!1f0!2f0!3f0!3m2!1i1024!2i768!4f13.1!3m3!1m2!1s0xd5914f8368ecdd9%3A0xd8e9152bd277203d!2sIglesia%20Evang%C3%A9lica%20Roger%20de%20Tur!5e0!3m2!1ses!2ses!4v1651825735839!5m2!1ses!2ses\" width=\"600\" height=\"450\" style=\"border:0;\" allowfullscreen=\"\" loading=\"lazy\" referrerpolicy=\"no-referrer-when-downgrade\"><\/iframe>[\/et_pb_code][\/et_pb_column][\/et_pb_row][\/et_pb_section]<\/p>\n","protected":false},"excerpt":{"rendered":"<p>Iglesia\u00a0 Evang\u00e9lica en Zaragoza Roger de Tur\u00bfQui\u00e9nes somos?Somos un grupo de personas que creemos en Jesucristo como nuestro salvador personal y le obedecemos como Se\u00f1or.\u00a0 Nos congregamos con el objetivo de perseverar en la doctrina de los ap\u00f3stoles (con base en el Nuevo Testamento) para tener comuni\u00f3n unos con otros, para orar y participar de [&hellip;]<\/p>\n","protected":false},"author":1,"featured_media":36,"parent":0,"menu_order":0,"comment_status":"closed","ping_status":"closed","template":"","meta":{"_et_pb_use_builder":"on","_et_pb_old_content":"","_et_gb_content_width":""},"_links":{"self":[{"href":"https:\/\/iglesiarogerdetur.org\/index.php\/wp-json\/wp\/v2\/pages\/18"}],"collection":[{"href":"https:\/\/iglesiarogerdetur.org\/index.php\/wp-json\/wp\/v2\/pages"}],"about":[{"href":"https:\/\/iglesiarogerdetur.org\/index.php\/wp-json\/wp\/v2\/types\/page"}],"author":[{"embeddable":true,"href":"https:\/\/iglesiarogerdetur.org\/index.php\/wp-json\/wp\/v2\/users\/1"}],"replies":[{"embeddable":true,"href":"https:\/\/iglesiarogerdetur.org\/index.php\/wp-json\/wp\/v2\/comments?post=18"}],"version-history":[{"count":38,"href":"https:\/\/iglesiarogerdetur.org\/index.php\/wp-json\/wp\/v2\/pages\/18\/revisions"}],"predecessor-version":[{"id":263,"href":"https:\/\/iglesiarogerdetur.org\/index.php\/wp-json\/wp\/v2\/pages\/18\/revisions\/263"}],"wp:featuredmedia":[{"embeddable":true,"href":"https:\/\/iglesiarogerdetur.org\/index.php\/wp-json\/wp\/v2\/media\/36"}],"wp:attachment":[{"href":"https:\/\/iglesiarogerdetur.org\/index.php\/wp-json\/wp\/v2\/media?parent=18"}],"curies":[{"name":"wp","href":"https:\/\/api.w.org\/{rel}","templated":true}]}}